{"id":270,"date":"2017-01-06T23:48:35","date_gmt":"2017-01-06T22:48:35","guid":{"rendered":"http:\/\/expressailing.com\/?page_id=270"},"modified":"2025-10-21T18:38:42","modified_gmt":"2025-10-21T16:38:42","slug":"expressailing","status":"publish","type":"page","link":"http:\/\/expressailing.com\/","title":{"rendered":"ExpresSailing"},"content":{"rendered":"<h2>Distributeur des catamarans <a href=\"https:\/\/tycool.fr\" target=\"_blank\" rel=\"noopener noreferrer\">TyCool<\/a> pour la M\u00e9diterran\u00e9e et le\u00a0Rh\u00f4ne Alpes<\/h2>\n<h2><em>Voiles adaptables de qualit\u00e9 pour catamarans \u00e9coles<\/em><\/h2>\n<p>Bernard, passionn\u00e9 de voile l\u00e9g\u00e8re, et reconnu dans le monde des catamarans de sport, a fait carri\u00e8re chez Hobie Cat sur diff\u00e9rents postes. Il navigue d\u00e9sormais chez ExpresSailing. Il s&rsquo;occupe de la partie technique, du transport, des clients, avec beaucoup de conseils, d&rsquo;id\u00e9es&#8230; et d&rsquo;\u00e9nergie.<\/p>\n<p>V\u00e9ronique, t\u00eate de mat de l&rsquo;entreprise, s&rsquo;occupe de la partie administrative, la communication, et en collaboration\u00a0avec\u00a0Bernard\u00a0de la partie commerciale.<\/p>\n<p>Ils commercialisent des voiles adaptables Dacron de qualit\u00e9 pour les \u00e9coles de voiles (HC16, HC15, Dragoon, Teddy, Topaz, RS &#8230;) et bien d&rsquo;autres, en partenariat avec un voilier. \u00a0D\u00e9lai fabrication entre 2 et 3 mois. Devis sur demande. \u00a0Et du petit mat\u00e9riel : cordage, gr\u00e9ement, trampoline, accastillage&#8230;<\/p>\n<p>Le team a pris la distribution des catamarans <a href=\"https:\/\/tycool.fr\" target=\"_blank\" rel=\"noopener noreferrer\">TyCool<\/a> pour le sud de la France\u00a0et la r\u00e9gion\u00a0Rh\u00f4ne Alpes.<\/p>\n<p>Si vous \u00eates int\u00e9ress\u00e9s par les catamarans <a href=\"https:\/\/tycool.fr\" target=\"_blank\" rel=\"noopener noreferrer\">TyCool<\/a> . N&rsquo;h\u00e9sitez \u00e0\u00a0pas \u00e0 laisser vos coordonn\u00e9es\u00a0par mail (<a href=\"mailto:verexpress@orange.fr\">verexpress@orange.fr<\/a>).<\/p>\n\n\n<p><\/p>\n","protected":false},"excerpt":{"rendered":"<p>Distributeur des catamarans TyCool pour la M\u00e9diterran\u00e9e et le\u00a0Rh\u00f4ne Alpes Voiles adaptables de qualit\u00e9 pour catamarans \u00e9coles Bernard, passionn\u00e9 de voile l\u00e9g\u00e8re, et reconnu dans le monde des catamarans de sport, a fait carri\u00e8re chez Hobie Cat sur diff\u00e9rents postes. &hellip; <a class=\"more-link\" href=\"http:\/\/expressailing.com\/\">Continuer la lecture <span class=\"meta-nav\">&rarr;<\/span><\/a><\/p>\n","protected":false},"author":1,"featured_media":440,"parent":0,"menu_order":0,"comment_status":"closed","ping_status":"closed","template":"","meta":[],"yoast_head":"<!-- This site is optimized with the Yoast SEO plugin v20.4 - https:\/\/yoast.com\/wordpress\/plugins\/seo\/ -->\n<title>ExpresSailing - ExpresSailing<\/title>\n<meta name=\"description\" content=\"TyCool 14 - catamaran 14 pieds pour \u00e9coles de voile\" \/>\n<meta name=\"robots\" content=\"index, follow, max-snippet:-1, max-image-preview:large, max-video-preview:-1\" \/>\n<link rel=\"canonical\" href=\"http:\/\/expressailing.com\/\" \/>\n<meta property=\"og:locale\" content=\"fr_FR\" \/>\n<meta property=\"og:type\" content=\"article\" \/>\n<meta property=\"og:title\" content=\"ExpresSailing - ExpresSailing\" \/>\n<meta property=\"og:description\" content=\"TyCool 14 - catamaran 14 pieds pour \u00e9coles de voile\" \/>\n<meta property=\"og:url\" content=\"http:\/\/expressailing.com\/\" \/>\n<meta property=\"og:site_name\" content=\"ExpresSailing\" \/>\n<meta property=\"article:publisher\" content=\"\/www.facebook.com\/expressailing\" \/>\n<meta property=\"article:modified_time\" content=\"2025-10-21T16:38:42+00:00\" \/>\n<meta property=\"og:image\" content=\"http:\/\/expressailing.com\/wp-content\/uploads\/2025\/10\/tycool-14.jpeg\" \/>\n\t<meta property=\"og:image:width\" content=\"540\" \/>\n\t<meta property=\"og:image:height\" content=\"720\" \/>\n\t<meta property=\"og:image:type\" content=\"image\/jpeg\" \/>\n<meta name=\"twitter:card\" content=\"summary_large_image\" \/>\n<meta name=\"twitter:label1\" content=\"Dur\u00e9e de lecture estim\u00e9e\" \/>\n\t<meta name=\"twitter:data1\" content=\"1 minute\" \/>\n<script type=\"application\/ld+json\" class=\"yoast-schema-graph\">{\"@context\":\"https:\/\/schema.org\",\"@graph\":[{\"@type\":\"WebPage\",\"@id\":\"http:\/\/expressailing.com\/\",\"url\":\"http:\/\/expressailing.com\/\",\"name\":\"ExpresSailing - ExpresSailing\",\"isPartOf\":{\"@id\":\"http:\/\/expressailing.com\/#website\"},\"datePublished\":\"2017-01-06T22:48:35+00:00\",\"dateModified\":\"2025-10-21T16:38:42+00:00\",\"description\":\"TyCool 14 - catamaran 14 pieds pour \u00e9coles de voile\",\"breadcrumb\":{\"@id\":\"http:\/\/expressailing.com\/#breadcrumb\"},\"inLanguage\":\"fr-FR\",\"potentialAction\":[{\"@type\":\"ReadAction\",\"target\":[\"http:\/\/expressailing.com\/\"]}]},{\"@type\":\"BreadcrumbList\",\"@id\":\"http:\/\/expressailing.com\/#breadcrumb\",\"itemListElement\":[{\"@type\":\"ListItem\",\"position\":1,\"name\":\"Accueil\",\"item\":\"http:\/\/expressailing.com\/\"},{\"@type\":\"ListItem\",\"position\":2,\"name\":\"ExpresSailing\"}]},{\"@type\":\"WebSite\",\"@id\":\"http:\/\/expressailing.com\/#website\",\"url\":\"http:\/\/expressailing.com\/\",\"name\":\"ExpresSailing\",\"description\":\"\",\"publisher\":{\"@id\":\"http:\/\/expressailing.com\/#organization\"},\"potentialAction\":[{\"@type\":\"SearchAction\",\"target\":{\"@type\":\"EntryPoint\",\"urlTemplate\":\"http:\/\/expressailing.com\/?s={search_term_string}\"},\"query-input\":\"required name=search_term_string\"}],\"inLanguage\":\"fr-FR\"},{\"@type\":\"Organization\",\"@id\":\"http:\/\/expressailing.com\/#organization\",\"name\":\"expressailing\",\"url\":\"http:\/\/expressailing.com\/\",\"logo\":{\"@type\":\"ImageObject\",\"inLanguage\":\"fr-FR\",\"@id\":\"http:\/\/expressailing.com\/#\/schema\/logo\/image\/\",\"url\":\"http:\/\/expressailing.com\/wp-content\/uploads\/2017\/03\/logo-ExpresSailing-astus.jpg\",\"contentUrl\":\"http:\/\/expressailing.com\/wp-content\/uploads\/2017\/03\/logo-ExpresSailing-astus.jpg\",\"width\":465,\"height\":222,\"caption\":\"expressailing\"},\"image\":{\"@id\":\"http:\/\/expressailing.com\/#\/schema\/logo\/image\/\"},\"sameAs\":[\"\/www.facebook.com\/expressailing\"]}]}<\/script>\n<!-- \/ Yoast SEO plugin. -->","yoast_head_json":{"title":"ExpresSailing - ExpresSailing","description":"TyCool 14 - catamaran 14 pieds pour \u00e9coles de voile","robots":{"index":"index","follow":"follow","max-snippet":"max-snippet:-1","max-image-preview":"max-image-preview:large","max-video-preview":"max-video-preview:-1"},"canonical":"http:\/\/expressailing.com\/","og_locale":"fr_FR","og_type":"article","og_title":"ExpresSailing - ExpresSailing","og_description":"TyCool 14 - catamaran 14 pieds pour \u00e9coles de voile","og_url":"http:\/\/expressailing.com\/","og_site_name":"ExpresSailing","article_publisher":"\/www.facebook.com\/expressailing","article_modified_time":"2025-10-21T16:38:42+00:00","og_image":[{"width":540,"height":720,"url":"http:\/\/expressailing.com\/wp-content\/uploads\/2025\/10\/tycool-14.jpeg","type":"image\/jpeg"}],"twitter_card":"summary_large_image","twitter_misc":{"Dur\u00e9e de lecture estim\u00e9e":"1 minute"},"schema":{"@context":"https:\/\/schema.org","@graph":[{"@type":"WebPage","@id":"http:\/\/expressailing.com\/","url":"http:\/\/expressailing.com\/","name":"ExpresSailing - ExpresSailing","isPartOf":{"@id":"http:\/\/expressailing.com\/#website"},"datePublished":"2017-01-06T22:48:35+00:00","dateModified":"2025-10-21T16:38:42+00:00","description":"TyCool 14 - catamaran 14 pieds pour \u00e9coles de voile","breadcrumb":{"@id":"http:\/\/expressailing.com\/#breadcrumb"},"inLanguage":"fr-FR","potentialAction":[{"@type":"ReadAction","target":["http:\/\/expressailing.com\/"]}]},{"@type":"BreadcrumbList","@id":"http:\/\/expressailing.com\/#breadcrumb","itemListElement":[{"@type":"ListItem","position":1,"name":"Accueil","item":"http:\/\/expressailing.com\/"},{"@type":"ListItem","position":2,"name":"ExpresSailing"}]},{"@type":"WebSite","@id":"http:\/\/expressailing.com\/#website","url":"http:\/\/expressailing.com\/","name":"ExpresSailing","description":"","publisher":{"@id":"http:\/\/expressailing.com\/#organization"},"potentialAction":[{"@type":"SearchAction","target":{"@type":"EntryPoint","urlTemplate":"http:\/\/expressailing.com\/?s={search_term_string}"},"query-input":"required name=search_term_string"}],"inLanguage":"fr-FR"},{"@type":"Organization","@id":"http:\/\/expressailing.com\/#organization","name":"expressailing","url":"http:\/\/expressailing.com\/","logo":{"@type":"ImageObject","inLanguage":"fr-FR","@id":"http:\/\/expressailing.com\/#\/schema\/logo\/image\/","url":"http:\/\/expressailing.com\/wp-content\/uploads\/2017\/03\/logo-ExpresSailing-astus.jpg","contentUrl":"http:\/\/expressailing.com\/wp-content\/uploads\/2017\/03\/logo-ExpresSailing-astus.jpg","width":465,"height":222,"caption":"expressailing"},"image":{"@id":"http:\/\/expressailing.com\/#\/schema\/logo\/image\/"},"sameAs":["\/www.facebook.com\/expressailing"]}]}},"_links":{"self":[{"href":"http:\/\/expressailing.com\/index.php\/wp-json\/wp\/v2\/pages\/270"}],"collection":[{"href":"http:\/\/expressailing.com\/index.php\/wp-json\/wp\/v2\/pages"}],"about":[{"href":"http:\/\/expressailing.com\/index.php\/wp-json\/wp\/v2\/types\/page"}],"author":[{"embeddable":true,"href":"http:\/\/expressailing.com\/index.php\/wp-json\/wp\/v2\/users\/1"}],"replies":[{"embeddable":true,"href":"http:\/\/expressailing.com\/index.php\/wp-json\/wp\/v2\/comments?post=270"}],"version-history":[{"count":48,"href":"http:\/\/expressailing.com\/index.php\/wp-json\/wp\/v2\/pages\/270\/revisions"}],"predecessor-version":[{"id":458,"href":"http:\/\/expressailing.com\/index.php\/wp-json\/wp\/v2\/pages\/270\/revisions\/458"}],"wp:featuredmedia":[{"embeddable":true,"href":"http:\/\/expressailing.com\/index.php\/wp-json\/wp\/v2\/media\/440"}],"wp:attachment":[{"href":"http:\/\/expressailing.com\/index.php\/wp-json\/wp\/v2\/media?parent=270"}],"curies":[{"name":"wp","href":"https:\/\/api.w.org\/{rel}","templated":true}]}}